{"id":388,"date":"2026-04-14T16:20:08","date_gmt":"2026-04-14T13:20:08","guid":{"rendered":"https:\/\/villa-kai.com\/?page_id=388"},"modified":"2026-04-23T11:03:17","modified_gmt":"2026-04-23T08:03:17","slug":"home","status":"publish","type":"page","link":"https:\/\/villa-kai.com\/fr\/","title":{"rendered":"Maison"},"content":{"rendered":"<div class=\"wpb-content-wrapper\"><div data-vc-full-width=\"true\" data-vc-full-width-init=\"false\" class=\"vc_row wpb_row vc_row-fluid home-intro vc_custom_1776705680402 vc_row-has-fill vc_row-o-full-height vc_row-o-columns-bottom vc_row-fixed-bg vc_row-bg-position-top vc_row-main-color-overlay vc_row-o-content-middle vc_row-flex\"><div class=\"kd-overlay\"  style=\"background-color:#8eaac2;\"><\/div><div class=\"wpb_column vc_column_container vc_col-sm-12 vc_col-has-fill\"><div class=\"vc_column-inner vc_custom_1776930854235\"><div class=\"wpb_wrapper\"><div class=\"vc_row wpb_row vc_inner vc_row-fluid vc_custom_1776931118254 vc_custom_1776931118255 vc_row-has-fill vc_row-has-padding-top vc_row-has-padding-bottom vc_row-bg-position-top vc_inner_row-contained\"><div class=\"container\"><div class=\"wpb_column vc_column_container vc_col-sm-12\"><div class=\"vc_column-inner vc_custom_1776931135894 vc_custom_1776931135894 vc_custom_1776931135895 vc_custom_1776931135895\"><div class=\"wpb_wrapper\">\n\t<div class=\"wpb_text_column wpb_content_element vc_custom_1776695773296\" >\n\t\t<div class=\"wpb_wrapper\">\n\t\t\t<h3><span style=\"color: #ffffff;\"><span class=\"NormalTextRun SCXW190385336 BCX8\">Rhodes, connu sous le nom de\u00a0<\/span><span class=\"NormalTextRun SCXW190385336 BCX8\">\u00ab<\/span><span class=\"NormalTextRun SCXW190385336 BCX8\">Perle de la mer \u00c9g\u00e9e<\/span><span class=\"NormalTextRun SCXW190385336 BCX8\">\u00ab<\/span><span class=\"NormalTextRun SCXW190385336 BCX8\">\u00a0et le\u00a0<\/span><span class=\"NormalTextRun SCXW190385336 BCX8\">\u00ab<\/span><span class=\"NormalTextRun SCXW190385336 BCX8\">Perle de la M\u00e9diterran\u00e9e,<\/span><span class=\"NormalTextRun SCXW190385336 BCX8\">\u00ab<\/span><span class=\"NormalTextRun SCXW190385336 BCX8\">\u00a0<\/span><span class=\"NormalTextRun SCXW190385336 BCX8\">est la plus grande \u00eele du Dod\u00e9can\u00e8se. Un m\u00e9lange fascinant d&#039;histoire ancienne,<\/span><span class=\"NormalTextRun SCXW190385336 BCX8\">\u00a0<\/span><span class=\"NormalTextRun SCXW190385336 BCX8\">sites arch\u00e9ologiques et plages dor\u00e9es. Le Moyen \u00c2ge\u00a0<\/span><span class=\"NormalTextRun SCXW190385336 BCX8\">\u00ab<\/span><span class=\"NormalTextRun SCXW190385336 BCX8\">Vieille ville,<\/span><span class=\"NormalTextRun SCXW190385336 BCX8\">\u00ab<\/span><span class=\"NormalTextRun SCXW190385336 BCX8\">\u00a0Class\u00e9e au patrimoine mondial de l&#039;UNESCO, elle est consid\u00e9r\u00e9e comme l&#039;une des villes fortifi\u00e9es habit\u00e9es les plus anciennes et les mieux pr\u00e9serv\u00e9es d&#039;Europe.<\/span><\/span><\/h3>\n\n\t\t<\/div>\n\t<\/div>\n<\/div><\/div><\/div><\/div><\/div><\/div><\/div><\/div><\/div><div class=\"vc_row-full-width vc_clearfix\"><\/div><div class=\"vc_row wpb_row vc_row-fluid vc_custom_1776695794629 vc_row-has-padding-top vc_row-has-padding-bottom vc_row-bg-position-top\"><div class=\"wpb_column vc_column_container vc_col-sm-12\"><div class=\"vc_column-inner\"><div class=\"wpb_wrapper\">\n\t<div class=\"wpb_text_column wpb_content_element\" >\n\t\t<div class=\"wpb_wrapper\">\n\t\t\t<p><span data-contrast=\"auto\"><strong>VILLA KAI<\/strong> est une r\u00e9sidence de luxe situ\u00e9e dans le quartier de Monte Smith \u00e0 Rhodes, o\u00f9 la colline majestueuse offre des vues panoramiques \u00e0 couper le souffle sur les eaux turquoise de la mer \u00c9g\u00e9e et les couchers de soleil dor\u00e9s de la c\u00f4te ouest.<\/span><span data-ccp-props=\"{}\">\u00a0<\/span><\/p>\n<p><span data-ccp-props=\"{}\">\u00a0<\/span><\/p>\n<p><span data-contrast=\"auto\">La villa se trouve \u00e0 environ 13 km de l&#039;a\u00e9roport de Diagoras, \u00e0 quelques minutes en voiture du centre-ville et du port de Mandraki, \u00e0 20 minutes de la baie d&#039;Anthony Quinn et des sources de Kallithea, et \u00e0 60 minutes du village de Lindos et de son acropole.<\/span><span data-ccp-props=\"{}\">\u00a0<\/span><\/p>\n<p><span data-contrast=\"auto\">L&#039;emplacement de la villa garantit une atmosph\u00e8re d&#039;intimit\u00e9 exclusive, id\u00e9ale pour ceux qui recherchent la tranquillit\u00e9 et la d\u00e9tente dans un cadre naturel \u00e0 proximit\u00e9 de la ville.<\/span><span data-ccp-props=\"{}\">\u00a0<\/span><\/p>\n<p><span data-ccp-props=\"{}\">\u00a0<\/span><\/p>\n<p><span data-contrast=\"auto\">VILLA KAI est con\u00e7ue pour allier luxe, confort maximal et convivialit\u00e9.<\/span><span data-ccp-props=\"{}\">\u00a0<\/span><\/p>\n<p><span data-contrast=\"auto\">Elle est \u00e9galement con\u00e7ue pour les personnes \u00e2g\u00e9es et les personnes handicap\u00e9es, gr\u00e2ce \u00e0 un ascenseur int\u00e9rieur reliant les diff\u00e9rents niveaux de la villa.<\/span><span data-ccp-props=\"{}\">\u00a0<\/span><\/p>\n<p><span data-contrast=\"auto\">Il est enti\u00e8rement connect\u00e9 au r\u00e9seau Wi-Fi par satellite Starlink pour garantir une connectivit\u00e9 haut d\u00e9bit en permanence.<\/span><span data-ccp-props=\"{}\">\u00a0<\/span><\/p>\n\n\t\t<\/div>\n\t<\/div>\n<\/div><\/div><\/div><\/div><div data-vc-full-width=\"true\" data-vc-full-width-init=\"false\" class=\"vc_row wpb_row vc_row-fluid home-intro vc_custom_1776705697868 vc_row-has-fill vc_row-o-full-height vc_row-o-columns-middle vc_row-fixed-bg vc_row-bg-position-top vc_row-main-color-overlay vc_row-o-content-middle vc_row-flex\"><div class=\"kd-overlay\"  style=\"background-color:#8eaac2;\"><\/div><div class=\"wpb_column vc_column_container vc_col-sm-6 vc_col-lg-6 vc_col-md-7\"><div class=\"vc_column-inner vc_custom_1627909676250  vc_custom_1627909676251 vc_custom_1627909676251\"><div class=\"wpb_wrapper\"><\/div><\/div><\/div><div class=\"wpb_column vc_column_container vc_col-sm-6\"><div class=\"vc_column-inner\"><div class=\"wpb_wrapper\"><\/div><\/div><\/div><\/div><div class=\"vc_row-full-width vc_clearfix\"><\/div><div id=\"welcome\" class=\"vc_row wpb_row vc_row-fluid vc_custom_1719827969278 vc_row-bg-position-top\"><div class=\"wpb_column vc_column_container vc_col-sm-12\"><div class=\"vc_column-inner\"><div class=\"wpb_wrapper\">\n\t<div  class=\"wpb_single_image wpb_content_element vc_align_center wpb_content_element\">\n\t\t\n\t\t<figure class=\"wpb_wrapper vc_figure\">\n\t\t\t<div class=\"vc_single_image-wrapper   vc_box_border_grey\"><img loading=\"lazy\" decoding=\"async\" width=\"1020\" height=\"510\" src=\"https:\/\/villa-kai.com\/wp-content\/uploads\/2025\/08\/VILLA-KAI-House-Front-Colors-min.svg\" class=\"vc_single_image-img attachment-full\" alt=\"\" title=\"Couleurs de la fa\u00e7ade de la maison VILLA KAI-min\" \/><\/div>\n\t\t<\/figure>\n\t<\/div>\n\n\t<div  class=\"wpb_single_image wpb_content_element vc_align_center wpb_content_element\">\n\t\t\n\t\t<figure class=\"wpb_wrapper vc_figure\">\n\t\t\t<div class=\"vc_single_image-wrapper   vc_box_border_grey\"><img loading=\"lazy\" decoding=\"async\" width=\"1020\" height=\"311\" src=\"https:\/\/villa-kai.com\/wp-content\/uploads\/2026\/04\/VILLA-KAI-Building-Info-4-Icons.svg\" class=\"vc_single_image-img attachment-full\" alt=\"\" title=\"Informations sur le b\u00e2timent VILLA KAI 4 ic\u00f4nes\" \/><\/div>\n\t\t<\/figure>\n\t<\/div>\n<\/div><\/div><\/div><\/div><div data-vc-full-width=\"true\" data-vc-full-width-init=\"false\" data-vc-stretch-content=\"true\" class=\"vc_row wpb_row vc_row-fluid carousel-row vc_custom_1776705037678 vc_custom_1776705037679 vc_row-has-fill vc_row-has-padding-left vc_row-has-padding-right vc_row-no-padding vc_row-bg-position-top\"><div class=\"wpb_column vc_column_container vc_col-sm-12\"><div class=\"vc_column-inner vc_custom_1776705007118 vc_custom_1776705007118 vc_custom_1776705007118 vc_custom_1776705007119\"><div class=\"wpb_wrapper\"><div class=\"bb-ultimate-carousel\"><div class='bb-ultimate-carousel-slider  icon_pre_next-White no_frames next_pre_in_out-inside  vc_custom_1776705001556' data-settings=\"{&quot;mobileFirst&quot;:true,&quot;responsive&quot;:[]}\" >\n\t<div  class=\"wpb_single_image wpb_content_element vc_align_left wpb_content_element\">\n\t\t\n\t\t<figure class=\"wpb_wrapper vc_figure\">\n\t\t\t<div class=\"vc_single_image-wrapper   vc_box_border_grey\"><img decoding=\"async\" class=\"vc_single_image-img\" src=\"https:\/\/villa-kai.com\/wp-content\/uploads\/2025\/06\/D857191-Edit-1920x600.jpg\" width=\"1920\" height=\"600\" alt=\"_D857191-Edit\" title=\"_D857191-Modifier\" loading=\"lazy\" \/><\/div>\n\t\t<\/figure>\n\t<\/div>\n\n\t<div  class=\"wpb_single_image wpb_content_element vc_align_left wpb_content_element\">\n\t\t\n\t\t<figure class=\"wpb_wrapper vc_figure\">\n\t\t\t<div class=\"vc_single_image-wrapper   vc_box_border_grey\"><img decoding=\"async\" class=\"vc_single_image-img\" src=\"https:\/\/villa-kai.com\/wp-content\/uploads\/2025\/06\/D857167-HDR-Edit-Edit-1920x600.jpg\" width=\"1920\" height=\"600\" alt=\"_D857167-HDR-Edit-Edit\" title=\"_D857167-HDR-Edit-Edit\" loading=\"lazy\" \/><\/div>\n\t\t<\/figure>\n\t<\/div>\n\n\t<div  class=\"wpb_single_image wpb_content_element vc_align_left wpb_content_element\">\n\t\t\n\t\t<figure class=\"wpb_wrapper vc_figure\">\n\t\t\t<div class=\"vc_single_image-wrapper   vc_box_border_grey\"><img decoding=\"async\" class=\"vc_single_image-img\" src=\"https:\/\/villa-kai.com\/wp-content\/uploads\/2025\/06\/D857060-Edit-1920x600.jpg\" width=\"1920\" height=\"600\" alt=\"_D857060-Edit\" title=\"_D857060-Modifier\" loading=\"lazy\" \/><\/div>\n\t\t<\/figure>\n\t<\/div>\n<\/div><\/div><\/div><\/div><\/div><\/div><div class=\"vc_row-full-width vc_clearfix\"><\/div><div class=\"vc_row wpb_row vc_row-fluid vc_custom_1776696300548 vc_row-has-padding-top vc_row-has-padding-bottom vc_row-bg-position-top\"><div class=\"wpb_column vc_column_container vc_col-sm-6\"><div class=\"vc_column-inner\"><div class=\"wpb_wrapper\">\n\t<div class=\"wpb_text_column wpb_content_element\" >\n\t\t<div class=\"wpb_wrapper\">\n\t\t\t<h3><span data-contrast=\"auto\">Le rez-de-chauss\u00e9e<\/span><span data-ccp-props=\"{}\">\u00a0<\/span><\/h3>\n<p><span data-contrast=\"auto\">Elle comprend un s\u00e9jour ouvert avec coin repas, une cuisine enti\u00e8rement \u00e9quip\u00e9e, des toilettes invit\u00e9s et une suite parentale avec salle de bains privative. Attenant \u00e0 la villa principale se trouve un bureau avec entr\u00e9e ind\u00e9pendante, comprenant une chambre double avec kitchenette, une t\u00e9l\u00e9vision connect\u00e9e et une salle de bains privative.<\/span><span data-ccp-props=\"{}\">\u00a0<\/span><\/p>\n\n\t\t<\/div>\n\t<\/div>\n<\/div><\/div><\/div><div class=\"wpb_column vc_column_container vc_col-sm-6\"><div class=\"vc_column-inner\"><div class=\"wpb_wrapper\"><\/div><\/div><\/div><\/div><div class=\"vc_row wpb_row vc_row-fluid vc_custom_1776696283720 vc_row-has-padding-top vc_row-has-padding-bottom vc_row-bg-position-top\"><div class=\"wpb_column vc_column_container vc_col-sm-6\"><div class=\"vc_column-inner\"><div class=\"wpb_wrapper\"><\/div><\/div><\/div><div class=\"wpb_column vc_column_container vc_col-sm-6\"><div class=\"vc_column-inner\"><div class=\"wpb_wrapper\">\n\t<div class=\"wpb_text_column wpb_content_element\" >\n\t\t<div class=\"wpb_wrapper\">\n\t\t\t<h3><span class=\"TextRun SCXW19205471 BCX8\" lang=\"EN-US\" xml:lang=\"EN-US\" data-contrast=\"auto\"><span class=\"NormalTextRun SCXW19205471 BCX8\">L&#039;\u00e9tage sup\u00e9rieur<\/span><\/span><span class=\"TextRun SCXW19205471 BCX8\" lang=\"EN-US\" xml:lang=\"EN-US\" data-contrast=\"auto\"><span class=\"NormalTextRun SCXW19205471 BCX8\">\u00a0<\/span><\/span><span class=\"LineBreakBlob BlobObject DragDrop SCXW19205471 BCX8\"><span class=\"SCXW19205471 BCX8\">\u00a0<\/span><\/span><\/h3>\n<p><span class=\"TextRun SCXW19205471 BCX8\" lang=\"EN-US\" xml:lang=\"EN-US\" data-contrast=\"auto\"><span class=\"NormalTextRun SCXW19205471 BCX8\">Il comporte\u00a0<\/span><span class=\"NormalTextRun SCXW19205471 BCX8\">t<\/span><span class=\"NormalTextRun SCXW19205471 BCX8\">trois chambres avec vue panoramique, chacune avec un\u00a0<\/span><span class=\"NormalTextRun SCXW19205471 BCX8\">salle de bains attenante<\/span><span class=\"NormalTextRun SCXW19205471 BCX8\">\u00a0salle de bains attenante, reli\u00e9e \u00e0 un balcon commun qui donne sur une terrasse panoramique id\u00e9ale pour le yoga matinal ou un bain de soleil relaxant.<\/span><\/span><span class=\"EOP SCXW19205471 BCX8\" data-ccp-props=\"{}\">\u00a0<\/span><\/p>\n\n\t\t<\/div>\n\t<\/div>\n<\/div><\/div><\/div><\/div><div class=\"vc_row wpb_row vc_row-fluid vc_custom_1776695606104 vc_row-has-padding-top vc_row-has-padding-bottom vc_row-bg-position-top\"><div class=\"wpb_column vc_column_container vc_col-sm-6\"><div class=\"vc_column-inner\"><div class=\"wpb_wrapper\">\n\t<div class=\"wpb_text_column wpb_content_element\" >\n\t\t<div class=\"wpb_wrapper\">\n\t\t\t<h3><span data-contrast=\"auto\">Le jardin\u00a0<\/span><span data-ccp-props=\"{}\">\u00a0<\/span><\/h3>\n<p><span data-contrast=\"auto\">Il comprend des chaises longues et des poufs, une piscine d&#039;eau sal\u00e9e \u00e9cologique de 53 m\u00e8tres carr\u00e9s avec bain \u00e0 remous et une douche ext\u00e9rieure.<\/span><span data-ccp-props=\"{}\">\u00a0<\/span><\/p>\n<p><span data-contrast=\"auto\">\u00c0 c\u00f4t\u00e9 se trouve un espace lounge pour se d\u00e9tendre en soir\u00e9e, et sur le c\u00f4t\u00e9 un barbecue pour les repas en plein air.<\/span><span data-ccp-props=\"{}\">\u00a0<\/span><\/p>\n\n\t\t<\/div>\n\t<\/div>\n<\/div><\/div><\/div><div class=\"wpb_column vc_column_container vc_col-sm-6\"><div class=\"vc_column-inner\"><div class=\"wpb_wrapper\"><\/div><\/div><\/div><\/div>\n<\/div>","protected":false},"excerpt":{"rendered":"Rhodes, known as the\u00a0\u201cPearl of the Aegean Sea\u201d\u00a0and the\u00a0\u201cPearl of the Mediterranean,\u201d\u00a0is the largest island of the Dodecanese. A fascinating [...]","protected":false},"author":3,"featured_media":0,"parent":0,"menu_order":0,"comment_status":"closed","ping_status":"closed","template":"","meta":{"inline_featured_image":false,"footnotes":""},"class_list":["post-388","page","type-page","status-publish","hentry"],"_links":{"self":[{"href":"https:\/\/villa-kai.com\/fr\/wp-json\/wp\/v2\/pages\/388","targetHints":{"allow":["GET"]}}],"collection":[{"href":"https:\/\/villa-kai.com\/fr\/wp-json\/wp\/v2\/pages"}],"about":[{"href":"https:\/\/villa-kai.com\/fr\/wp-json\/wp\/v2\/types\/page"}],"author":[{"embeddable":true,"href":"https:\/\/villa-kai.com\/fr\/wp-json\/wp\/v2\/users\/3"}],"replies":[{"embeddable":true,"href":"https:\/\/villa-kai.com\/fr\/wp-json\/wp\/v2\/comments?post=388"}],"version-history":[{"count":84,"href":"https:\/\/villa-kai.com\/fr\/wp-json\/wp\/v2\/pages\/388\/revisions"}],"predecessor-version":[{"id":607,"href":"https:\/\/villa-kai.com\/fr\/wp-json\/wp\/v2\/pages\/388\/revisions\/607"}],"wp:attachment":[{"href":"https:\/\/villa-kai.com\/fr\/wp-json\/wp\/v2\/media?parent=388"}],"curies":[{"name":"wp","href":"https:\/\/api.w.org\/{rel}","templated":true}]}}