{"id":388,"date":"2026-04-14T16:20:08","date_gmt":"2026-04-14T13:20:08","guid":{"rendered":"https:\/\/villa-kai.com\/?page_id=388"},"modified":"2026-04-23T11:03:17","modified_gmt":"2026-04-23T08:03:17","slug":"home","status":"publish","type":"page","link":"https:\/\/villa-kai.com\/de\/","title":{"rendered":"Heim"},"content":{"rendered":"<div class=\"wpb-content-wrapper\"><div data-vc-full-width=\"true\" data-vc-full-width-init=\"false\" class=\"vc_row wpb_row vc_row-fluid home-intro vc_custom_1776705680402 vc_row-has-fill vc_row-o-full-height vc_row-o-columns-bottom vc_row-fixed-bg vc_row-bg-position-top vc_row-main-color-overlay vc_row-o-content-middle vc_row-flex\"><div class=\"kd-overlay\"  style=\"background-color:#8eaac2;\"><\/div><div class=\"wpb_column vc_column_container vc_col-sm-12 vc_col-has-fill\"><div class=\"vc_column-inner vc_custom_1776930854235\"><div class=\"wpb_wrapper\"><div class=\"vc_row wpb_row vc_inner vc_row-fluid vc_custom_1776931118254 vc_custom_1776931118255 vc_row-has-fill vc_row-has-padding-top vc_row-has-padding-bottom vc_row-bg-position-top vc_inner_row-contained\"><div class=\"container\"><div class=\"wpb_column vc_column_container vc_col-sm-12\"><div class=\"vc_column-inner vc_custom_1776931135894 vc_custom_1776931135894 vc_custom_1776931135895 vc_custom_1776931135895\"><div class=\"wpb_wrapper\">\n\t<div class=\"wpb_text_column wpb_content_element vc_custom_1776695773296\" >\n\t\t<div class=\"wpb_wrapper\">\n\t\t\t<h3><span style=\"color: #ffffff;\"><span class=\"NormalTextRun SCXW190385336 BCX8\">Rhodos, bekannt als die\u00a0<\/span><span class=\"NormalTextRun SCXW190385336 BCX8\">\u201e<\/span><span class=\"NormalTextRun SCXW190385336 BCX8\">Perle der \u00c4g\u00e4is<\/span><span class=\"NormalTextRun SCXW190385336 BCX8\">\u201e<\/span><span class=\"NormalTextRun SCXW190385336 BCX8\">\u00a0und die\u00a0<\/span><span class=\"NormalTextRun SCXW190385336 BCX8\">\u201e<\/span><span class=\"NormalTextRun SCXW190385336 BCX8\">Perle des Mittelmeers<\/span><span class=\"NormalTextRun SCXW190385336 BCX8\">\u201e<\/span><span class=\"NormalTextRun SCXW190385336 BCX8\">\u00a0<\/span><span class=\"NormalTextRun SCXW190385336 BCX8\">ist die gr\u00f6\u00dfte Insel des Dodekanes. Eine faszinierende Mischung aus antiker Geschichte,<\/span><span class=\"NormalTextRun SCXW190385336 BCX8\">\u00a0<\/span><span class=\"NormalTextRun SCXW190385336 BCX8\">arch\u00e4ologische St\u00e4tten und goldene Str\u00e4nde. Das mittelalterliche\u00a0<\/span><span class=\"NormalTextRun SCXW190385336 BCX8\">\u201e<\/span><span class=\"NormalTextRun SCXW190385336 BCX8\">Altstadt,<\/span><span class=\"NormalTextRun SCXW190385336 BCX8\">\u201e<\/span><span class=\"NormalTextRun SCXW190385336 BCX8\">\u00a0Sie ist UNESCO-Weltkulturerbe und gilt als eine der \u00e4ltesten und am besten erhaltenen bewohnten befestigten St\u00e4dte Europas.<\/span><\/span><\/h3>\n\n\t\t<\/div>\n\t<\/div>\n<\/div><\/div><\/div><\/div><\/div><\/div><\/div><\/div><\/div><div class=\"vc_row-full-width vc_clearfix\"><\/div><div class=\"vc_row wpb_row vc_row-fluid vc_custom_1776695794629 vc_row-has-padding-top vc_row-has-padding-bottom vc_row-bg-position-top\"><div class=\"wpb_column vc_column_container vc_col-sm-12\"><div class=\"vc_column-inner\"><div class=\"wpb_wrapper\">\n\t<div class=\"wpb_text_column wpb_content_element\" >\n\t\t<div class=\"wpb_wrapper\">\n\t\t\t<p><span data-contrast=\"auto\"><strong>VILLA KAI<\/strong> ist eine luxuri\u00f6se Residenz in der Gegend von Monte Smith auf Rhodos, wo der majest\u00e4tische H\u00fcgel atemberaubende Panoramablicke auf das t\u00fcrkisfarbene Wasser der \u00c4g\u00e4is und die goldenen Sonnenunterg\u00e4nge der Westk\u00fcste bietet.<\/span><span data-ccp-props=\"{}\">\u00a0<\/span><\/p>\n<p><span data-ccp-props=\"{}\">\u00a0<\/span><\/p>\n<p><span data-contrast=\"auto\">Die Villa liegt etwa 13 km vom Flughafen Diagoras, wenige Fahrminuten vom Stadtzentrum und dem Hafen von Mandraki, 20 Minuten von der Anthony-Quinn-Bucht und den Kallithea-Quellen und 60 Minuten vom Dorf Lindos und seiner Akropolis entfernt.<\/span><span data-ccp-props=\"{}\">\u00a0<\/span><\/p>\n<p><span data-contrast=\"auto\">Die Lage der Villa garantiert eine exklusive Atmosph\u00e4re der Privatsph\u00e4re und ist ideal f\u00fcr all jene, die Ruhe und Entspannung in einer naturnahen Umgebung in Stadtn\u00e4he suchen.<\/span><span data-ccp-props=\"{}\">\u00a0<\/span><\/p>\n<p><span data-ccp-props=\"{}\">\u00a0<\/span><\/p>\n<p><span data-contrast=\"auto\">VILLA KAI vereint Luxus, maximalen Komfort und Inklusivit\u00e4t.<\/span><span data-ccp-props=\"{}\">\u00a0<\/span><\/p>\n<p><span data-contrast=\"auto\">Dank eines internen Aufzugs, der die verschiedenen Ebenen der Villa miteinander verbindet, ist sie auch f\u00fcr Senioren und Menschen mit Behinderungen geeignet.<\/span><span data-ccp-props=\"{}\">\u00a0<\/span><\/p>\n<p><span data-contrast=\"auto\">Es ist vollst\u00e4ndig mit Starlink-Satelliten-WLAN verbunden, um eine durchgehende Hochgeschwindigkeitsverbindung zu gew\u00e4hrleisten.<\/span><span data-ccp-props=\"{}\">\u00a0<\/span><\/p>\n\n\t\t<\/div>\n\t<\/div>\n<\/div><\/div><\/div><\/div><div data-vc-full-width=\"true\" data-vc-full-width-init=\"false\" class=\"vc_row wpb_row vc_row-fluid home-intro vc_custom_1776705697868 vc_row-has-fill vc_row-o-full-height vc_row-o-columns-middle vc_row-fixed-bg vc_row-bg-position-top vc_row-main-color-overlay vc_row-o-content-middle vc_row-flex\"><div class=\"kd-overlay\"  style=\"background-color:#8eaac2;\"><\/div><div class=\"wpb_column vc_column_container vc_col-sm-6 vc_col-lg-6 vc_col-md-7\"><div class=\"vc_column-inner vc_custom_1627909676250  vc_custom_1627909676251 vc_custom_1627909676251\"><div class=\"wpb_wrapper\"><\/div><\/div><\/div><div class=\"wpb_column vc_column_container vc_col-sm-6\"><div class=\"vc_column-inner\"><div class=\"wpb_wrapper\"><\/div><\/div><\/div><\/div><div class=\"vc_row-full-width vc_clearfix\"><\/div><div id=\"welcome\" class=\"vc_row wpb_row vc_row-fluid vc_custom_1719827969278 vc_row-bg-position-top\"><div class=\"wpb_column vc_column_container vc_col-sm-12\"><div class=\"vc_column-inner\"><div class=\"wpb_wrapper\">\n\t<div  class=\"wpb_single_image wpb_content_element vc_align_center wpb_content_element\">\n\t\t\n\t\t<figure class=\"wpb_wrapper vc_figure\">\n\t\t\t<div class=\"vc_single_image-wrapper   vc_box_border_grey\"><img loading=\"lazy\" decoding=\"async\" width=\"1020\" height=\"510\" src=\"https:\/\/villa-kai.com\/wp-content\/uploads\/2025\/08\/VILLA-KAI-House-Front-Colors-min.svg\" class=\"vc_single_image-img attachment-full\" alt=\"\" title=\"VILLA KAI Hausfrontfarben-min\" \/><\/div>\n\t\t<\/figure>\n\t<\/div>\n\n\t<div  class=\"wpb_single_image wpb_content_element vc_align_center wpb_content_element\">\n\t\t\n\t\t<figure class=\"wpb_wrapper vc_figure\">\n\t\t\t<div class=\"vc_single_image-wrapper   vc_box_border_grey\"><img loading=\"lazy\" decoding=\"async\" width=\"1020\" height=\"311\" src=\"https:\/\/villa-kai.com\/wp-content\/uploads\/2026\/04\/VILLA-KAI-Building-Info-4-Icons.svg\" class=\"vc_single_image-img attachment-full\" alt=\"\" title=\"VILLA KAI Geb\u00e4udeinformationen 4 Symbole\" \/><\/div>\n\t\t<\/figure>\n\t<\/div>\n<\/div><\/div><\/div><\/div><div data-vc-full-width=\"true\" data-vc-full-width-init=\"false\" data-vc-stretch-content=\"true\" class=\"vc_row wpb_row vc_row-fluid carousel-row vc_custom_1776705037678 vc_custom_1776705037679 vc_row-has-fill vc_row-has-padding-left vc_row-has-padding-right vc_row-no-padding vc_row-bg-position-top\"><div class=\"wpb_column vc_column_container vc_col-sm-12\"><div class=\"vc_column-inner vc_custom_1776705007118 vc_custom_1776705007118 vc_custom_1776705007118 vc_custom_1776705007119\"><div class=\"wpb_wrapper\"><div class=\"bb-ultimate-carousel\"><div class='bb-ultimate-carousel-slider  icon_pre_next-White no_frames next_pre_in_out-inside  vc_custom_1776705001556' data-settings=\"{&quot;mobileFirst&quot;:true,&quot;responsive&quot;:[]}\" >\n\t<div  class=\"wpb_single_image wpb_content_element vc_align_left wpb_content_element\">\n\t\t\n\t\t<figure class=\"wpb_wrapper vc_figure\">\n\t\t\t<div class=\"vc_single_image-wrapper   vc_box_border_grey\"><img decoding=\"async\" class=\"vc_single_image-img\" src=\"https:\/\/villa-kai.com\/wp-content\/uploads\/2025\/06\/D857191-Edit-1920x600.jpg\" width=\"1920\" height=\"600\" alt=\"_D857191-Edit\" title=\"_D857191-Bearbeiten\" loading=\"lazy\" \/><\/div>\n\t\t<\/figure>\n\t<\/div>\n\n\t<div  class=\"wpb_single_image wpb_content_element vc_align_left wpb_content_element\">\n\t\t\n\t\t<figure class=\"wpb_wrapper vc_figure\">\n\t\t\t<div class=\"vc_single_image-wrapper   vc_box_border_grey\"><img decoding=\"async\" class=\"vc_single_image-img\" src=\"https:\/\/villa-kai.com\/wp-content\/uploads\/2025\/06\/D857167-HDR-Edit-Edit-1920x600.jpg\" width=\"1920\" height=\"600\" alt=\"_D857167-HDR-Edit-Edit\" title=\"_D857167-HDR-Bearbeiten-Bearbeiten\" loading=\"lazy\" \/><\/div>\n\t\t<\/figure>\n\t<\/div>\n\n\t<div  class=\"wpb_single_image wpb_content_element vc_align_left wpb_content_element\">\n\t\t\n\t\t<figure class=\"wpb_wrapper vc_figure\">\n\t\t\t<div class=\"vc_single_image-wrapper   vc_box_border_grey\"><img decoding=\"async\" class=\"vc_single_image-img\" src=\"https:\/\/villa-kai.com\/wp-content\/uploads\/2025\/06\/D857060-Edit-1920x600.jpg\" width=\"1920\" height=\"600\" alt=\"_D857060-Edit\" title=\"_D857060-Bearbeiten\" loading=\"lazy\" \/><\/div>\n\t\t<\/figure>\n\t<\/div>\n<\/div><\/div><\/div><\/div><\/div><\/div><div class=\"vc_row-full-width vc_clearfix\"><\/div><div class=\"vc_row wpb_row vc_row-fluid vc_custom_1776696300548 vc_row-has-padding-top vc_row-has-padding-bottom vc_row-bg-position-top\"><div class=\"wpb_column vc_column_container vc_col-sm-6\"><div class=\"vc_column-inner\"><div class=\"wpb_wrapper\">\n\t<div class=\"wpb_text_column wpb_content_element\" >\n\t\t<div class=\"wpb_wrapper\">\n\t\t\t<h3><span data-contrast=\"auto\">Das Erdgeschoss<\/span><span data-ccp-props=\"{}\">\u00a0<\/span><\/h3>\n<p><span data-contrast=\"auto\">Es verf\u00fcgt \u00fcber einen offenen Wohnbereich mit Essbereich, eine voll ausgestattete K\u00fcche, ein G\u00e4ste-WC und ein Hauptschlafzimmer mit eigenem Bad. Angrenzend an die Hauptvilla befindet sich ein Arbeitszimmer mit separatem Eingang, ein Doppelzimmer mit angrenzender K\u00fcchenzeile, Smart-TV und eigenem Bad.<\/span><span data-ccp-props=\"{}\">\u00a0<\/span><\/p>\n\n\t\t<\/div>\n\t<\/div>\n<\/div><\/div><\/div><div class=\"wpb_column vc_column_container vc_col-sm-6\"><div class=\"vc_column-inner\"><div class=\"wpb_wrapper\"><\/div><\/div><\/div><\/div><div class=\"vc_row wpb_row vc_row-fluid vc_custom_1776696283720 vc_row-has-padding-top vc_row-has-padding-bottom vc_row-bg-position-top\"><div class=\"wpb_column vc_column_container vc_col-sm-6\"><div class=\"vc_column-inner\"><div class=\"wpb_wrapper\"><\/div><\/div><\/div><div class=\"wpb_column vc_column_container vc_col-sm-6\"><div class=\"vc_column-inner\"><div class=\"wpb_wrapper\">\n\t<div class=\"wpb_text_column wpb_content_element\" >\n\t\t<div class=\"wpb_wrapper\">\n\t\t\t<h3><span class=\"TextRun SCXW19205471 BCX8\" lang=\"EN-US\" xml:lang=\"EN-US\" data-contrast=\"auto\"><span class=\"NormalTextRun SCXW19205471 BCX8\">Das Obergeschoss<\/span><\/span><span class=\"TextRun SCXW19205471 BCX8\" lang=\"EN-US\" xml:lang=\"EN-US\" data-contrast=\"auto\"><span class=\"NormalTextRun SCXW19205471 BCX8\">\u00a0<\/span><\/span><span class=\"LineBreakBlob BlobObject DragDrop SCXW19205471 BCX8\"><span class=\"SCXW19205471 BCX8\">\u00a0<\/span><\/span><\/h3>\n<p><span class=\"TextRun SCXW19205471 BCX8\" lang=\"EN-US\" xml:lang=\"EN-US\" data-contrast=\"auto\"><span class=\"NormalTextRun SCXW19205471 BCX8\">Es beinhaltet\u00a0<\/span><span class=\"NormalTextRun SCXW19205471 BCX8\">T<\/span><span class=\"NormalTextRun SCXW19205471 BCX8\">drei Schlafzimmer mit Panoramablick, jedes mit einem\u00a0<\/span><span class=\"NormalTextRun SCXW19205471 BCX8\">eigenes Bad<\/span><span class=\"NormalTextRun SCXW19205471 BCX8\">\u00a0Das Badezimmer ist mit einem gemeinsamen Balkon verbunden, der zur Panoramaterrasse f\u00fchrt \u2013 ideal f\u00fcr morgendliches Yoga oder entspannendes Sonnenbaden.<\/span><\/span><span class=\"EOP SCXW19205471 BCX8\" data-ccp-props=\"{}\">\u00a0<\/span><\/p>\n\n\t\t<\/div>\n\t<\/div>\n<\/div><\/div><\/div><\/div><div class=\"vc_row wpb_row vc_row-fluid vc_custom_1776695606104 vc_row-has-padding-top vc_row-has-padding-bottom vc_row-bg-position-top\"><div class=\"wpb_column vc_column_container vc_col-sm-6\"><div class=\"vc_column-inner\"><div class=\"wpb_wrapper\">\n\t<div class=\"wpb_text_column wpb_content_element\" >\n\t\t<div class=\"wpb_wrapper\">\n\t\t\t<h3><span data-contrast=\"auto\">Der Garten\u00a0<\/span><span data-ccp-props=\"{}\">\u00a0<\/span><\/h3>\n<p><span data-contrast=\"auto\">Zur Ausstattung geh\u00f6ren Sonnenliegen und Sitzs\u00e4cke, ein 53 Quadratmeter gro\u00dfer, umweltfreundlicher Salzwasserpool mit Whirlpool und eine Au\u00dfendusche.<\/span><span data-ccp-props=\"{}\">\u00a0<\/span><\/p>\n<p><span data-contrast=\"auto\">Daneben befindet sich ein Loungebereich zum Entspannen am Abend, und seitlich davon steht ein Grill f\u00fcr Mahlzeiten im Freien.<\/span><span data-ccp-props=\"{}\">\u00a0<\/span><\/p>\n\n\t\t<\/div>\n\t<\/div>\n<\/div><\/div><\/div><div class=\"wpb_column vc_column_container vc_col-sm-6\"><div class=\"vc_column-inner\"><div class=\"wpb_wrapper\"><\/div><\/div><\/div><\/div>\n<\/div>","protected":false},"excerpt":{"rendered":"Rhodes, known as the\u00a0\u201cPearl of the Aegean Sea\u201d\u00a0and the\u00a0\u201cPearl of the Mediterranean,\u201d\u00a0is the largest island of the Dodecanese. A fascinating [...]","protected":false},"author":3,"featured_media":0,"parent":0,"menu_order":0,"comment_status":"closed","ping_status":"closed","template":"","meta":{"inline_featured_image":false,"footnotes":""},"class_list":["post-388","page","type-page","status-publish","hentry"],"_links":{"self":[{"href":"https:\/\/villa-kai.com\/de\/wp-json\/wp\/v2\/pages\/388","targetHints":{"allow":["GET"]}}],"collection":[{"href":"https:\/\/villa-kai.com\/de\/wp-json\/wp\/v2\/pages"}],"about":[{"href":"https:\/\/villa-kai.com\/de\/wp-json\/wp\/v2\/types\/page"}],"author":[{"embeddable":true,"href":"https:\/\/villa-kai.com\/de\/wp-json\/wp\/v2\/users\/3"}],"replies":[{"embeddable":true,"href":"https:\/\/villa-kai.com\/de\/wp-json\/wp\/v2\/comments?post=388"}],"version-history":[{"count":84,"href":"https:\/\/villa-kai.com\/de\/wp-json\/wp\/v2\/pages\/388\/revisions"}],"predecessor-version":[{"id":607,"href":"https:\/\/villa-kai.com\/de\/wp-json\/wp\/v2\/pages\/388\/revisions\/607"}],"wp:attachment":[{"href":"https:\/\/villa-kai.com\/de\/wp-json\/wp\/v2\/media?parent=388"}],"curies":[{"name":"wp","href":"https:\/\/api.w.org\/{rel}","templated":true}]}}